{"id":706,"date":"2017-08-17T17:12:44","date_gmt":"2017-08-17T15:12:44","guid":{"rendered":"https:\/\/theaterforinclusion.com\/?page_id=706"},"modified":"2022-02-21T17:32:08","modified_gmt":"2022-02-21T15:32:08","slug":"improcreation","status":"publish","type":"page","link":"https:\/\/pre.theaterforinclusion.org\/?page_id=706","title":{"rendered":"2015 Improcreation"},"content":{"rendered":"<div class=\"fusion-one-full fusion-layout-column fusion-column-last fusion-spacing-yes\">\n<div class=\"fusion-column-wrapper\">\n<h1 style=\"text-align: center;\" data-fontsize=\"50\" data-lineheight=\"58\">IMPROCREACI\u00d3N. UNA EXPERIENCIA IMPRODUCTIVA \/\/<\/h1>\n<h1 style=\"text-align: center;\" data-fontsize=\"50\" data-lineheight=\"58\">NON-PRODUCTIVE EXPERIENCE \/\/ UNPRODUKTIV ERLEBEN<\/h1>\n<p>Sunday 21st, June. 17:30.\u00a0 Szeno-forum in KulturZentrum Amerlinghaus. 1070. Vienna<\/p>\n<p>El grupo de teatro IMPRODUCTIVOS abre un espacio para el di\u00e1logo est\u00e9tico entre la obra de teatro y el p\u00fablico. Presentamos un proceso de investigaci\u00f3n y creaci\u00f3n colectiva, una experiencia personal de descubrimiento y compromiso \u00e9tico, donde los espectadores tambi\u00e9n son parte de esta creaci\u00f3n \u00fanica.<\/p>\n<p>SZENO-FORUM con ART KO L\u00c8\/Improspa\u00f1ol sobre Productividad\/Improductividad.<\/p>\n<p>\u00bfQui\u00e9nes son las personas consideradas improductivas? \u00bfPor qu\u00e9 se mantienen ocultas e invisibilizadas? \u00bfQu\u00e9 aportan estas personas a la sociedad? \u00bfC\u00f3mo podemos visibilizar la productividad de la improductividad?<\/p>\n<p>Al finalizar la obra, se abrir\u00e1 un foro con el p\u00fablico.<\/p>\n<p><a href=\"https:\/\/www.facebook.com\/media\/set\/?set=a.894296900645713&amp;type=1&amp;l=8da3940e34\" target=\"_blank\" rel=\"noopener\">VER FOTOS DE LA OBRA IMPRODUCTIVA<\/a><\/p>\n<div class=\"fusion-clearfix\"><\/div>\n<\/div>\n<\/div>\n<div class=\"fusion-one-half fusion-layout-column fusion-spacing-yes\">\n<div class=\"fusion-column-wrapper\">\n<p><span class=\"fusion-imageframe imageframe-none imageframe-1 hover-type-none\"> <img loading=\"lazy\" decoding=\"async\" class=\"img-responsive alignleft\" src=\"https:\/\/theaterforinclusion.org\/wp-content\/uploads\/2017\/08\/Cartel-ImprocreacionLogos.jpg\" alt=\"\" width=\"536\" height=\"402\" title=\"\"><\/span><\/p>\n<div class=\"fusion-clearfix\"><\/div>\n<\/div>\n<\/div>\n<div class=\"fusion-one-half fusion-layout-column fusion-column-last fusion-spacing-yes\">\n<div class=\"fusion-column-wrapper\"><span class=\"fusion-imageframe imageframe-none imageframe-2 hover-type-none\"> <img loading=\"lazy\" decoding=\"async\" class=\"img-responsive alignnone\" src=\"https:\/\/theaterforinclusion.org\/wp-content\/uploads\/2017\/08\/DSC_0098.jpg\" alt=\"\" width=\"438\" height=\"794\" title=\"\"><\/span><\/div>\n<\/div>\n","protected":false},"excerpt":{"rendered":"<p>IMPROCREACI\u00d3N. UNA EXPERIENCIA IMPRODUCTIVA \/\/ NON-PRODUCTIVE EXPERIENCE \/\/ UNPRODUKTIV ERLEBEN Sunday 21st, June. 17:30.\u00a0 Szeno-forum in KulturZentrum Amerlinghaus. 1070. Vienna El grupo de teatro IMPRODUCTIVOS abre un espacio para el [&hellip;]<\/p>\n","protected":false},"author":2,"featured_media":0,"parent":0,"menu_order":0,"comment_status":"closed","ping_status":"closed","template":"","meta":{"_et_pb_use_builder":"off","_et_pb_old_content":"","_et_gb_content_width":"","footnotes":""},"class_list":["post-706","page","type-page","status-publish","hentry"],"_links":{"self":[{"href":"https:\/\/pre.theaterforinclusion.org\/index.php?rest_route=\/wp\/v2\/pages\/706","targetHints":{"allow":["GET"]}}],"collection":[{"href":"https:\/\/pre.theaterforinclusion.org\/index.php?rest_route=\/wp\/v2\/pages"}],"about":[{"href":"https:\/\/pre.theaterforinclusion.org\/index.php?rest_route=\/wp\/v2\/types\/page"}],"author":[{"embeddable":true,"href":"https:\/\/pre.theaterforinclusion.org\/index.php?rest_route=\/wp\/v2\/users\/2"}],"replies":[{"embeddable":true,"href":"https:\/\/pre.theaterforinclusion.org\/index.php?rest_route=%2Fwp%2Fv2%2Fcomments&post=706"}],"version-history":[{"count":0,"href":"https:\/\/pre.theaterforinclusion.org\/index.php?rest_route=\/wp\/v2\/pages\/706\/revisions"}],"wp:attachment":[{"href":"https:\/\/pre.theaterforinclusion.org\/index.php?rest_route=%2Fwp%2Fv2%2Fmedia&parent=706"}],"curies":[{"name":"wp","href":"https:\/\/api.w.org\/{rel}","templated":true}]}}