{"id":1521,"date":"2016-04-04T17:06:15","date_gmt":"2016-04-04T15:06:15","guid":{"rendered":"https:\/\/theaterforinclusion.com\/steps-for-inclusion\/"},"modified":"2022-05-05T18:00:37","modified_gmt":"2022-05-05T16:00:37","slug":"steps-for-inclusion","status":"publish","type":"page","link":"https:\/\/pre.theaterforinclusion.org\/?page_id=1521","title":{"rendered":"La espiral inclusiva"},"content":{"rendered":"<h1><strong>LA ESPIRAL INCLUSIVA<\/strong><\/h1>\n<p>Por\u00a0Par\u00eds Uki.<\/p>\n<p>La inclusi\u00f3n es un <b>proceso grupal<\/b>, no es un estado f\u00edsico ni propiedad inmutable. Considero necesario aceptar que nunca se llega a ser completamente inclusivo, ya que con cada persona que entra o sale del grupo, en cualquier momento, el grupo se modifica y se adapta. Un grupo es un sistema de relaciones entre personas, desde este enfoque considero el grupo como un organismo vivo, abierto y permeable.<\/p>\n<p>Visualizo este proceso como un camino hacia la inclusi\u00f3n. Un camino en espiral donde <b>la persona se sit\u00faa en el centro<\/b>. A partir de ah\u00ed, caminamos por los procesos de acceso, participaci\u00f3n activa y aprendizaje para tod@s, y vuelta de nuevo a re-pasar por los mismos procesos con cada experiencia nueva. La espiral se hace cada vez m\u00e1s abierta, y gana tambi\u00e9n en profundidad. Por tanto, la inclusi\u00f3n ser\u00eda el ideal que me hace caminar y debe estar en continua revisi\u00f3n y cambio (seg\u00fan las caracter\u00edsticas y necesidades de las personas que conforman el grupo en el momento).<\/p>\n<p><b>ETAPAS EN EL CAMINO<\/b><\/p>\n<p>Si la(s) persona(s) est\u00e1(mos) en el centro del proceso, por tanto el cambio social comienza desde una misma.<\/p>\n<p>En este momento de mi vida, identifico estas fases o <b>etapas en el proceso de transformaci\u00f3n personal<\/b> hacia los valores de convivencia inclusiva, y por ende, de transformaci\u00f3n cultural hacia la inclusi\u00f3n social.<\/p>\n<h3><strong>1. <b>Reconocer el VALOR de SER persona. Todas las personas tienen valor. <\/b><\/strong><\/h3>\n<p>Fuera etiquetas y prejuicios. Somos personas y todas las personas somos diferentes. La <b>diversidad es natural<\/b>, es una caracter\u00edstica esencial de la Vida.<\/p>\n<div class='et-learn-more clearfix'>\n\t\t\t\t\t<h3 class='heading-more'>Leer m\u00e1s<span class='et_learnmore_arrow'><span><\/span><\/span><\/h3>\n\t\t\t\t\t<div class='learn-more-content'>Reconoce el valor que tienes: Conecta con tu ADN en cada momento de tu vida: \u00bfcu\u00e1l es tu Actitud de vida?, \u00bfCu\u00e1l es tu Deseo en tu vida? y \u00bfQu\u00e9 Necesidad de vida tienes? Eval\u00faa los recursos propios (aqu\u00ed y ahora): lo que yo s\u00e9, lo que yo tengo, lo que yo puedo. Desde tus recursos, puedes dar el primer paso hacia lo que deseas: tu Sue\u00f1o. Mu\u00e9vete para satisfacer necesidades aut\u00e9nticas de vida, generalmente nos pasamos la vida satisfaciendo necesidades sustitutorias y nos olvidamos de lo que realmente necesitamos para vivir la vida que merece ser vivida. Si quieres profundizar, bucea en #DIVERSIDAD #IDENTIDAD<\/div>\n\t\t\t\t<\/div>\n<h3><strong>2. <b>Aceptar los L\u00cdMITES y aprender a PEDIR AYUDA. Todas las personas necesitamos de otras personas para sobrevivir.<\/b><\/strong><\/h3>\n<p>Nuestros recursos son limitados. Nosotr@s mismos tambi\u00e9n <b>tenemos l\u00edmites propios<\/b>: f\u00edsicos, cognitivos y emocionales.<\/p>\n<div class='et-learn-more clearfix'>\n\t\t\t\t\t<h3 class='heading-more'>Leer m\u00e1s<span class='et_learnmore_arrow'><span><\/span><\/span><\/h3>\n\t\t\t\t\t<div class='learn-more-content'>Los seres humanos estamos en continua relaci\u00f3n con el entorno para sobrevivir, somos biol\u00f3gicamente eco-dependientes. Tambi\u00e9n somos socialmente interdependientes, necesitamos de los dem\u00e1s para vivir. Por tanto, si reconozco mis l\u00edmites y acepto la interdependencia, entonces puedo pedir ayuda\/ soporte a otras personas para acceder y participar de forma activa en la vida comunitaria, de forma plena. Si quieres profundizar, bucea en #LIMITES PERSONALES #INTERDEPENDENCIA SOCIAL.<\/div>\n\t\t\t\t<\/div>\n<h3><strong>3.\u00a0<\/strong><b>Recuperar la AUTO-DETERMINACI\u00d3N. Cualquier persona puede tomar decisiones sobre su propia vida.<\/b><\/h3>\n<p>S\u00f3lo la persona misma <b>sabe lo que necesita y c\u00f3mo conseguirlo<\/b>, bien por sus propios medios, o pidiendo ayuda -ver fase anterior-, depende de lo que ella misma decida.<\/p>\n<p>Todas las personas tenemos capacidad de auto-determinaci\u00f3n: podemos elegir y tomar decisiones que conciernen a nuestra propia vida.<\/p>\n<div class='et-learn-more clearfix'>\n\t\t\t\t\t<h3 class='heading-more'>Leer m\u00e1s<span class='et_learnmore_arrow'><span><\/span><\/span><\/h3>\n\t\t\t\t\t<div class='learn-more-content'>Esta capacidad se adquiere y se desarrolla en relaci\u00f3n con el entorno: cuantas m\u00e1s oportunidades me ofrezca el entorno (familiar, socio-cultural y natural) m\u00e1s oportunidades tengo de aprender y desarrollar mi capacidad de auto-determinaci\u00f3n, y al contrario igual. La libertad en la toma de decisiones implica necesariamente ser responsable de las consecuencias de mis propias decisiones. Si quieres profundizar, bucea en #LIBERTAD\/ RESPONSABILIDAD<\/div>\n\t\t\t\t<\/div>\n<h3><strong>4.\u00a0<\/strong><b>Visualizar las BARRERAS sociales que me impiden o dificultan participar en la vida social. <\/b><\/h3>\n<p>El acceso y la <b>participaci\u00f3n activa en la vida social es necesario<\/b> para que cualquier persona pueda desarrollarse de forma plena.<\/p>\n<p>El entorno en el que vivimos tiene o crea barreras que impiden el acceso o la participaci\u00f3n de algunas personas (llamadas <b>barreras de exclusi\u00f3n social<\/b>). Cada persona se encuentra con diferentes barreras dependiendo de sus capacidades, necesidades y limitaciones.<\/p>\n<div class='et-learn-more clearfix'>\n\t\t\t\t\t<h3 class='heading-more'>Leer m\u00e1s<span class='et_learnmore_arrow'><span><\/span><\/span><\/h3>\n\t\t\t\t\t<div class='learn-more-content'>Las barreras no son visibles para todas las personas, ya que son subjetivas. Las barreras se pueden visibilidad y convertirlas en \u00abinter-subjetivas\u00bb. Es com\u00fan no ver las barreras que otras personas s\u00ed ven, y es necesario entrenar la sensibilidad y poder \u00abver a trav\u00e9s de los ojos o las vivencias de otros\u00bb (identificaci\u00f3n o resonancia con la vivencia). Una vez visibilizadas como barreras sociales, es posible poner en marcha mecanismos de responsabilidad grupal para la transformaci\u00f3n y adaptaci\u00f3n del entorno. Las herramientas o formas de visualizaci\u00f3n y transformaci\u00f3n de las barreras son muy diversas. Desde mi propia experiencia, el teatro (concretamente el teatro imagen) es una de las herramienta que potencia la expresi\u00f3n, la visualizaci\u00f3n y la transformaci\u00f3n de las barreras sociales que viven las personas en nuestro entorno. La inclusi\u00f3n, por tanto, plantea un cambio radical de foco: dejar de mirar con \u201cojos hegem\u00f3nicos a la diversidad\u201d para escuchar con \u201co\u00eddos humildes la voz de la diversidad\u201d. Si quieres profundizar, bucea en #MODELO SOCIAL DE LA DISCAPACIDAD # TEOR\u00cdA SOCIAL DE LA IDENTIDAD<\/div>\n\t\t\t\t<\/div>\n<h3><strong>5. <b>Generar APOYOS y recursos para transformar las barreras. Es una responsabilidad civil permitir el acceso y la participaci\u00f3n activa de la ciudadan\u00eda.<\/b> <\/strong><\/h3>\n<p>Yo me hago responsable de expresar y visualizar mis propias barreras, sin juicios. En un grupo que pretende ser inclusivo, nos co-responsabilizamos de <b>generar los recursos y los apoyos<\/b>. Ser responsable -a nivel personal y grupal- implica tambi\u00e9n ser consciente de los l\u00edmites para la sostenibilidad.<\/p>\n<div class='et-learn-more clearfix'>\n\t\t\t\t\t<h3 class='heading-more'>Leer m\u00e1s<span class='et_learnmore_arrow'><span><\/span><\/span><\/h3>\n\t\t\t\t\t<div class='learn-more-content'>La inclusi\u00f3n plantea un cambio de foco importante. Del foco en el \u201cotro\u201d, que es diferente al grupo y debe esforzarse por ser igual (perspectiva de la integraci\u00f3n). Ponemos el foco socio-comunitario: es el propio grupo de personas -concretas- y el entorno -concreto- que debe adaptarse para que dichas personas puedan estar y sentirse incluidas en la actividad concreta que realizan como grupo social: acceder, participar de forma activa y aprender en relaci\u00f3n con las dem\u00e1s personas el grupo. Si quieres profundizar, bucea en #APOYOINCLUISON #SOSTENIBILIDAD<\/div>\n\t\t\t\t<\/div>\n<h4><strong>6.\u00a0<\/strong><b>Interiorizar el PROCESO en espiral. Vivimos los valores en nosotr@s mism@s.<\/b><\/h4>\n<p>La perspectiva de la convivencia inclusiva que planteo en este blog, \u00a0<i>no va<\/i> de \u201cgrupos identitarios\u201d, <b><i>va<\/i><\/b><b> de personas<\/b>.<br \/>\nYo misma, como persona, estoy reflexionando en este blog sobre <b>mis propias experiencias<\/b>: mis l\u00edmites, las barreras sociales con las que me encuentro, los apoyos que necesito y mi propia responsabilidad en el proceso\u2026<\/p>\n<div class='et-learn-more clearfix'>\n\t\t\t\t\t<h3 class='heading-more'>Leer m\u00e1s<span class='et_learnmore_arrow'><span><\/span><\/span><\/h3>\n\t\t\t\t\t<div class='learn-more-content'>En mi d\u00eda a d\u00eda, interiorizo los valores de convivencia inclusiva y me transformo. Relacion\u00e1ndome con otras personas, en mi caso a trav\u00e9s de los talleres, estoy compartiendo espacios de convivencia y promuevo que sean inclusivos. Podemos, por tanto, trasformar nuestra relaci\u00f3n con el entorno y el entorno mismo.<\/div>\n\t\t\t\t<\/div>\n<p><b>Poco a poco, persona a persona, paso a paso, s\u00ed se puede transformar la cultura.<\/b><\/p>\n","protected":false},"excerpt":{"rendered":"<p>LA ESPIRAL INCLUSIVA Por\u00a0Par\u00eds Uki. La inclusi\u00f3n es un proceso grupal, no es un estado f\u00edsico ni propiedad inmutable. Considero necesario aceptar que nunca se llega a ser completamente inclusivo, [&hellip;]<\/p>\n","protected":false},"author":1,"featured_media":0,"parent":0,"menu_order":0,"comment_status":"closed","ping_status":"closed","template":"","meta":{"_et_pb_use_builder":"","_et_pb_old_content":"","_et_gb_content_width":"","footnotes":""},"class_list":["post-1521","page","type-page","status-publish","hentry"],"_links":{"self":[{"href":"https:\/\/pre.theaterforinclusion.org\/index.php?rest_route=\/wp\/v2\/pages\/1521","targetHints":{"allow":["GET"]}}],"collection":[{"href":"https:\/\/pre.theaterforinclusion.org\/index.php?rest_route=\/wp\/v2\/pages"}],"about":[{"href":"https:\/\/pre.theaterforinclusion.org\/index.php?rest_route=\/wp\/v2\/types\/page"}],"author":[{"embeddable":true,"href":"https:\/\/pre.theaterforinclusion.org\/index.php?rest_route=\/wp\/v2\/users\/1"}],"replies":[{"embeddable":true,"href":"https:\/\/pre.theaterforinclusion.org\/index.php?rest_route=%2Fwp%2Fv2%2Fcomments&post=1521"}],"version-history":[{"count":0,"href":"https:\/\/pre.theaterforinclusion.org\/index.php?rest_route=\/wp\/v2\/pages\/1521\/revisions"}],"wp:attachment":[{"href":"https:\/\/pre.theaterforinclusion.org\/index.php?rest_route=%2Fwp%2Fv2%2Fmedia&parent=1521"}],"curies":[{"name":"wp","href":"https:\/\/api.w.org\/{rel}","templated":true}]}}